{"id":546,"date":"2026-05-05T09:17:51","date_gmt":"2026-05-05T14:17:51","guid":{"rendered":"https:\/\/actini.ca\/?page_id=546"},"modified":"2026-05-06T05:03:55","modified_gmt":"2026-05-06T10:03:55","slug":"decontamination-thermique-laboratoires","status":"publish","type":"page","link":"https:\/\/actini.ca\/fr\/decontamination-thermique-laboratoires\/","title":{"rendered":"\u00c9quipements de d\u00e9contamination thermique pour laboratoires"},"content":{"rendered":"","protected":false},"excerpt":{"rendered":"","protected":false},"author":4,"featured_media":0,"parent":0,"menu_order":0,"comment_status":"closed","ping_status":"closed","template":"","meta":{"footnotes":""},"class_list":["post-546","page","type-page","status-publish","hentry"],"acf":[],"yoast_head":"<title>\u00c9quipements de d\u00e9contamination thermique pour laboratoires | Actini inc.<\/title>\n<meta name=\"description\" content=\"D\u00e9couvrez la gamme compl\u00e8te de syst\u00e8mes de d\u00e9contamination thermique Actini : KUBE, SINK, MICRO, Micro30 et DirectSteam. Des solutions sans produits chimiques, certifi\u00e9es BSL1 \u00e0 BSL3, adapt\u00e9es \u00e0 chaque laboratoire canadien.\" \/>\n<meta name=\"robots\" content=\"index, follow, max-snippet:-1, max-image-preview:large, max-video-preview:-1\" \/>\n<link rel=\"canonical\" href=\"https:\/\/actini.ca\/fr\/decontamination-thermique-laboratoires\/\" \/>\n<meta property=\"og:locale\" content=\"fr_CA\" \/>\n<meta property=\"og:type\" content=\"article\" \/>\n<meta property=\"og:title\" content=\"\u00c9quipements de d\u00e9contamination thermique pour laboratoires | Actini inc.\" \/>\n<meta property=\"og:description\" content=\"D\u00e9couvrez la gamme compl\u00e8te de syst\u00e8mes de d\u00e9contamination thermique Actini : KUBE, SINK, MICRO, Micro30 et DirectSteam. Des solutions sans produits chimiques, certifi\u00e9es BSL1 \u00e0 BSL3, adapt\u00e9es \u00e0 chaque laboratoire canadien.\" \/>\n<meta property=\"og:url\" content=\"https:\/\/actini.ca\/fr\/decontamination-thermique-laboratoires\/\" \/>\n<meta property=\"og:site_name\" content=\"Actini inc.\" \/>\n<meta property=\"article:modified_time\" content=\"2026-05-06T10:03:55+00:00\" \/>\n<meta property=\"og:image\" content=\"https:\/\/actini.ca\/wp-content\/uploads\/2026\/02\/capture-decran-2026-02-19-102226.png\" \/>\n\t<meta property=\"og:image:width\" content=\"742\" \/>\n\t<meta property=\"og:image:height\" content=\"557\" \/>\n\t<meta property=\"og:image:type\" content=\"image\/png\" \/>\n<meta name=\"twitter:card\" content=\"summary_large_image\" \/>\n<meta name=\"twitter:label1\" content=\"Estimation du temps de lecture\" \/>\n\t<meta name=\"twitter:data1\" content=\"4 minutes\" \/>\n<script type=\"application\/ld+json\" class=\"yoast-schema-graph\">{\"@context\":\"https:\/\/schema.org\",\"@graph\":[{\"@type\":\"WebPage\",\"@id\":\"https:\/\/actini.ca\/fr\/decontamination-thermique-laboratoires\/\",\"url\":\"https:\/\/actini.ca\/fr\/decontamination-thermique-laboratoires\/\",\"name\":\"\u00c9quipements de d\u00e9contamination thermique pour laboratoires | Actini inc.\",\"isPartOf\":{\"@id\":\"https:\/\/actini.ca\/fr\/#website\"},\"datePublished\":\"2026-05-05T14:17:51+00:00\",\"dateModified\":\"2026-05-06T10:03:55+00:00\",\"description\":\"D\u00e9couvrez la gamme compl\u00e8te de syst\u00e8mes de d\u00e9contamination thermique Actini : KUBE, SINK, MICRO, Micro30 et DirectSteam. Des solutions sans produits chimiques, certifi\u00e9es BSL1 \u00e0 BSL3, adapt\u00e9es \u00e0 chaque laboratoire canadien.\",\"breadcrumb\":{\"@id\":\"https:\/\/actini.ca\/fr\/decontamination-thermique-laboratoires\/#breadcrumb\"},\"inLanguage\":\"fr-CA\",\"potentialAction\":[{\"@type\":\"ReadAction\",\"target\":[\"https:\/\/actini.ca\/fr\/decontamination-thermique-laboratoires\/\"]}]},{\"@type\":\"BreadcrumbList\",\"@id\":\"https:\/\/actini.ca\/fr\/decontamination-thermique-laboratoires\/#breadcrumb\",\"itemListElement\":[{\"@type\":\"ListItem\",\"position\":1,\"name\":\"Home\",\"item\":\"https:\/\/actini.ca\/fr\/\"},{\"@type\":\"ListItem\",\"position\":2,\"name\":\"\u00c9quipements de d\u00e9contamination thermique pour laboratoires\"}]},{\"@type\":\"WebSite\",\"@id\":\"https:\/\/actini.ca\/fr\/#website\",\"url\":\"https:\/\/actini.ca\/fr\/\",\"name\":\"Actini inc.\",\"description\":\"Innovative Process Solutions\",\"publisher\":{\"@id\":\"https:\/\/actini.ca\/fr\/#organization\"},\"alternateName\":\"Actini inc.\",\"potentialAction\":[{\"@type\":\"SearchAction\",\"target\":{\"@type\":\"EntryPoint\",\"urlTemplate\":\"https:\/\/actini.ca\/fr\/?s={search_term_string}\"},\"query-input\":{\"@type\":\"PropertyValueSpecification\",\"valueRequired\":true,\"valueName\":\"search_term_string\"}}],\"inLanguage\":\"fr-CA\"},{\"@type\":\"Organization\",\"@id\":\"https:\/\/actini.ca\/fr\/#organization\",\"name\":\"Actini Inc.\",\"url\":\"https:\/\/actini.ca\/fr\/\",\"logo\":{\"@type\":\"ImageObject\",\"inLanguage\":\"fr-CA\",\"@id\":\"https:\/\/actini.ca\/fr\/#\/schema\/logo\/image\/\",\"url\":\"https:\/\/actini.ca\/wp-content\/uploads\/2026\/03\/logo-carre.jpg\",\"contentUrl\":\"https:\/\/actini.ca\/wp-content\/uploads\/2026\/03\/logo-carre.jpg\",\"width\":475,\"height\":475,\"caption\":\"Actini Inc.\"},\"image\":{\"@id\":\"https:\/\/actini.ca\/fr\/#\/schema\/logo\/image\/\"}}]}<\/script>","yoast_head_json":{"title":"\u00c9quipements de d\u00e9contamination thermique pour laboratoires | Actini inc.","description":"D\u00e9couvrez la gamme compl\u00e8te de syst\u00e8mes de d\u00e9contamination thermique Actini : KUBE, SINK, MICRO, Micro30 et DirectSteam. Des solutions sans produits chimiques, certifi\u00e9es BSL1 \u00e0 BSL3, adapt\u00e9es \u00e0 chaque laboratoire canadien.","robots":{"index":"index","follow":"follow","max-snippet":"max-snippet:-1","max-image-preview":"max-image-preview:large","max-video-preview":"max-video-preview:-1"},"canonical":"https:\/\/actini.ca\/fr\/decontamination-thermique-laboratoires\/","og_locale":"fr_CA","og_type":"article","og_title":"\u00c9quipements de d\u00e9contamination thermique pour laboratoires | Actini inc.","og_description":"D\u00e9couvrez la gamme compl\u00e8te de syst\u00e8mes de d\u00e9contamination thermique Actini : KUBE, SINK, MICRO, Micro30 et DirectSteam. Des solutions sans produits chimiques, certifi\u00e9es BSL1 \u00e0 BSL3, adapt\u00e9es \u00e0 chaque laboratoire canadien.","og_url":"https:\/\/actini.ca\/fr\/decontamination-thermique-laboratoires\/","og_site_name":"Actini inc.","article_modified_time":"2026-05-06T10:03:55+00:00","og_image":[{"width":742,"height":557,"url":"https:\/\/actini.ca\/wp-content\/uploads\/2026\/02\/capture-decran-2026-02-19-102226.png","type":"image\/png"}],"twitter_card":"summary_large_image","twitter_misc":{"Estimation du temps de lecture":"4 minutes"},"schema":{"@context":"https:\/\/schema.org","@graph":[{"@type":"WebPage","@id":"https:\/\/actini.ca\/fr\/decontamination-thermique-laboratoires\/","url":"https:\/\/actini.ca\/fr\/decontamination-thermique-laboratoires\/","name":"\u00c9quipements de d\u00e9contamination thermique pour laboratoires | Actini inc.","isPartOf":{"@id":"https:\/\/actini.ca\/fr\/#website"},"datePublished":"2026-05-05T14:17:51+00:00","dateModified":"2026-05-06T10:03:55+00:00","description":"D\u00e9couvrez la gamme compl\u00e8te de syst\u00e8mes de d\u00e9contamination thermique Actini : KUBE, SINK, MICRO, Micro30 et DirectSteam. Des solutions sans produits chimiques, certifi\u00e9es BSL1 \u00e0 BSL3, adapt\u00e9es \u00e0 chaque laboratoire canadien.","breadcrumb":{"@id":"https:\/\/actini.ca\/fr\/decontamination-thermique-laboratoires\/#breadcrumb"},"inLanguage":"fr-CA","potentialAction":[{"@type":"ReadAction","target":["https:\/\/actini.ca\/fr\/decontamination-thermique-laboratoires\/"]}]},{"@type":"BreadcrumbList","@id":"https:\/\/actini.ca\/fr\/decontamination-thermique-laboratoires\/#breadcrumb","itemListElement":[{"@type":"ListItem","position":1,"name":"Home","item":"https:\/\/actini.ca\/fr\/"},{"@type":"ListItem","position":2,"name":"\u00c9quipements de d\u00e9contamination thermique pour laboratoires"}]},{"@type":"WebSite","@id":"https:\/\/actini.ca\/fr\/#website","url":"https:\/\/actini.ca\/fr\/","name":"Actini inc.","description":"Innovative Process Solutions","publisher":{"@id":"https:\/\/actini.ca\/fr\/#organization"},"alternateName":"Actini inc.","potentialAction":[{"@type":"SearchAction","target":{"@type":"EntryPoint","urlTemplate":"https:\/\/actini.ca\/fr\/?s={search_term_string}"},"query-input":{"@type":"PropertyValueSpecification","valueRequired":true,"valueName":"search_term_string"}}],"inLanguage":"fr-CA"},{"@type":"Organization","@id":"https:\/\/actini.ca\/fr\/#organization","name":"Actini Inc.","url":"https:\/\/actini.ca\/fr\/","logo":{"@type":"ImageObject","inLanguage":"fr-CA","@id":"https:\/\/actini.ca\/fr\/#\/schema\/logo\/image\/","url":"https:\/\/actini.ca\/wp-content\/uploads\/2026\/03\/logo-carre.jpg","contentUrl":"https:\/\/actini.ca\/wp-content\/uploads\/2026\/03\/logo-carre.jpg","width":475,"height":475,"caption":"Actini Inc."},"image":{"@id":"https:\/\/actini.ca\/fr\/#\/schema\/logo\/image\/"}}]}},"_links":{"self":[{"href":"https:\/\/actini.ca\/fr\/wp-json\/wp\/v2\/pages\/546","targetHints":{"allow":["GET"]}}],"collection":[{"href":"https:\/\/actini.ca\/fr\/wp-json\/wp\/v2\/pages"}],"about":[{"href":"https:\/\/actini.ca\/fr\/wp-json\/wp\/v2\/types\/page"}],"author":[{"embeddable":true,"href":"https:\/\/actini.ca\/fr\/wp-json\/wp\/v2\/users\/4"}],"replies":[{"embeddable":true,"href":"https:\/\/actini.ca\/fr\/wp-json\/wp\/v2\/comments?post=546"}],"version-history":[{"count":25,"href":"https:\/\/actini.ca\/fr\/wp-json\/wp\/v2\/pages\/546\/revisions"}],"predecessor-version":[{"id":635,"href":"https:\/\/actini.ca\/fr\/wp-json\/wp\/v2\/pages\/546\/revisions\/635"}],"wp:attachment":[{"href":"https:\/\/actini.ca\/fr\/wp-json\/wp\/v2\/media?parent=546"}],"curies":[{"name":"wp","href":"https:\/\/api.w.org\/{rel}","templated":true}]}}