{"id":164,"date":"2024-02-23T13:50:19","date_gmt":"2024-02-23T18:50:19","guid":{"rendered":"https:\/\/actini.ca\/?page_id=164"},"modified":"2026-05-07T06:54:03","modified_gmt":"2026-05-07T11:54:03","slug":"expertise","status":"publish","type":"page","link":"https:\/\/actini.ca\/fr\/expertise\/","title":{"rendered":"Expertise"},"content":{"rendered":"","protected":false},"excerpt":{"rendered":"","protected":false},"author":4,"featured_media":0,"parent":0,"menu_order":0,"comment_status":"closed","ping_status":"closed","template":"template-flexible.php","meta":{"footnotes":""},"class_list":["post-164","page","type-page","status-publish","hentry"],"acf":[],"yoast_head":"<title>Expertise | Actini inc.<\/title>\n<meta name=\"description\" content=\"Actini Inc propose des services de conseil en ing\u00e9nierie et d\u2019accompagnement pour les bioproc\u00e9d\u00e9s, les laboratoires \u00e0 confinement et les utilit\u00e9s industrielles. Expertise en conception, optimisation, maintenance et conformit\u00e9 r\u00e9glementaire pour les industries biopharmaceutiques, des sciences de la vie et cosm\u00e9tiques.\" \/>\n<meta name=\"robots\" content=\"index, follow, max-snippet:-1, max-image-preview:large, max-video-preview:-1\" \/>\n<link rel=\"canonical\" href=\"https:\/\/actini.ca\/fr\/expertise\/\" \/>\n<meta property=\"og:locale\" content=\"fr_CA\" \/>\n<meta property=\"og:type\" content=\"article\" \/>\n<meta property=\"og:title\" content=\"Expertise | Actini inc.\" \/>\n<meta property=\"og:description\" content=\"Actini Inc propose des services de conseil en ing\u00e9nierie et d\u2019accompagnement pour les bioproc\u00e9d\u00e9s, les laboratoires \u00e0 confinement et les utilit\u00e9s industrielles. Expertise en conception, optimisation, maintenance et conformit\u00e9 r\u00e9glementaire pour les industries biopharmaceutiques, des sciences de la vie et cosm\u00e9tiques.\" \/>\n<meta property=\"og:url\" content=\"https:\/\/actini.ca\/fr\/expertise\/\" \/>\n<meta property=\"og:site_name\" content=\"Actini inc.\" \/>\n<meta property=\"article:modified_time\" content=\"2026-05-07T11:54:03+00:00\" \/>\n<meta property=\"og:image\" content=\"https:\/\/actini.ca\/wp-content\/uploads\/2026\/02\/capture-decran-2026-02-19-102226.png\" \/>\n\t<meta property=\"og:image:width\" content=\"742\" \/>\n\t<meta property=\"og:image:height\" content=\"557\" \/>\n\t<meta property=\"og:image:type\" content=\"image\/png\" \/>\n<meta name=\"twitter:card\" content=\"summary_large_image\" \/>\n<meta name=\"twitter:label1\" content=\"Estimation du temps de lecture\" \/>\n\t<meta name=\"twitter:data1\" content=\"4 minutes\" \/>\n<script type=\"application\/ld+json\" class=\"yoast-schema-graph\">{\"@context\":\"https:\/\/schema.org\",\"@graph\":[{\"@type\":\"WebPage\",\"@id\":\"https:\/\/actini.ca\/fr\/expertise\/\",\"url\":\"https:\/\/actini.ca\/fr\/expertise\/\",\"name\":\"Expertise | Actini inc.\",\"isPartOf\":{\"@id\":\"https:\/\/actini.ca\/fr\/#website\"},\"datePublished\":\"2024-02-23T18:50:19+00:00\",\"dateModified\":\"2026-05-07T11:54:03+00:00\",\"description\":\"Actini Inc propose des services de conseil en ing\u00e9nierie et d\u2019accompagnement pour les bioproc\u00e9d\u00e9s, les laboratoires \u00e0 confinement et les utilit\u00e9s industrielles. Expertise en conception, optimisation, maintenance et conformit\u00e9 r\u00e9glementaire pour les industries biopharmaceutiques, des sciences de la vie et cosm\u00e9tiques.\",\"breadcrumb\":{\"@id\":\"https:\/\/actini.ca\/fr\/expertise\/#breadcrumb\"},\"inLanguage\":\"fr-CA\",\"potentialAction\":[{\"@type\":\"ReadAction\",\"target\":[\"https:\/\/actini.ca\/fr\/expertise\/\"]}]},{\"@type\":\"BreadcrumbList\",\"@id\":\"https:\/\/actini.ca\/fr\/expertise\/#breadcrumb\",\"itemListElement\":[{\"@type\":\"ListItem\",\"position\":1,\"name\":\"Home\",\"item\":\"https:\/\/actini.ca\/fr\/\"},{\"@type\":\"ListItem\",\"position\":2,\"name\":\"Expertise\"}]},{\"@type\":\"WebSite\",\"@id\":\"https:\/\/actini.ca\/fr\/#website\",\"url\":\"https:\/\/actini.ca\/fr\/\",\"name\":\"Actini inc.\",\"description\":\"Innovative Process Solutions\",\"publisher\":{\"@id\":\"https:\/\/actini.ca\/fr\/#organization\"},\"alternateName\":\"Actini inc.\",\"potentialAction\":[{\"@type\":\"SearchAction\",\"target\":{\"@type\":\"EntryPoint\",\"urlTemplate\":\"https:\/\/actini.ca\/fr\/?s={search_term_string}\"},\"query-input\":{\"@type\":\"PropertyValueSpecification\",\"valueRequired\":true,\"valueName\":\"search_term_string\"}}],\"inLanguage\":\"fr-CA\"},{\"@type\":\"Organization\",\"@id\":\"https:\/\/actini.ca\/fr\/#organization\",\"name\":\"Actini Inc.\",\"url\":\"https:\/\/actini.ca\/fr\/\",\"logo\":{\"@type\":\"ImageObject\",\"inLanguage\":\"fr-CA\",\"@id\":\"https:\/\/actini.ca\/fr\/#\/schema\/logo\/image\/\",\"url\":\"https:\/\/actini.ca\/wp-content\/uploads\/2026\/03\/logo-carre.jpg\",\"contentUrl\":\"https:\/\/actini.ca\/wp-content\/uploads\/2026\/03\/logo-carre.jpg\",\"width\":475,\"height\":475,\"caption\":\"Actini Inc.\"},\"image\":{\"@id\":\"https:\/\/actini.ca\/fr\/#\/schema\/logo\/image\/\"}}]}<\/script>","yoast_head_json":{"title":"Expertise | Actini inc.","description":"Actini Inc propose des services de conseil en ing\u00e9nierie et d\u2019accompagnement pour les bioproc\u00e9d\u00e9s, les laboratoires \u00e0 confinement et les utilit\u00e9s industrielles. Expertise en conception, optimisation, maintenance et conformit\u00e9 r\u00e9glementaire pour les industries biopharmaceutiques, des sciences de la vie et cosm\u00e9tiques.","robots":{"index":"index","follow":"follow","max-snippet":"max-snippet:-1","max-image-preview":"max-image-preview:large","max-video-preview":"max-video-preview:-1"},"canonical":"https:\/\/actini.ca\/fr\/expertise\/","og_locale":"fr_CA","og_type":"article","og_title":"Expertise | Actini inc.","og_description":"Actini Inc propose des services de conseil en ing\u00e9nierie et d\u2019accompagnement pour les bioproc\u00e9d\u00e9s, les laboratoires \u00e0 confinement et les utilit\u00e9s industrielles. Expertise en conception, optimisation, maintenance et conformit\u00e9 r\u00e9glementaire pour les industries biopharmaceutiques, des sciences de la vie et cosm\u00e9tiques.","og_url":"https:\/\/actini.ca\/fr\/expertise\/","og_site_name":"Actini inc.","article_modified_time":"2026-05-07T11:54:03+00:00","og_image":[{"width":742,"height":557,"url":"https:\/\/actini.ca\/wp-content\/uploads\/2026\/02\/capture-decran-2026-02-19-102226.png","type":"image\/png"}],"twitter_card":"summary_large_image","twitter_misc":{"Estimation du temps de lecture":"4 minutes"},"schema":{"@context":"https:\/\/schema.org","@graph":[{"@type":"WebPage","@id":"https:\/\/actini.ca\/fr\/expertise\/","url":"https:\/\/actini.ca\/fr\/expertise\/","name":"Expertise | Actini inc.","isPartOf":{"@id":"https:\/\/actini.ca\/fr\/#website"},"datePublished":"2024-02-23T18:50:19+00:00","dateModified":"2026-05-07T11:54:03+00:00","description":"Actini Inc propose des services de conseil en ing\u00e9nierie et d\u2019accompagnement pour les bioproc\u00e9d\u00e9s, les laboratoires \u00e0 confinement et les utilit\u00e9s industrielles. Expertise en conception, optimisation, maintenance et conformit\u00e9 r\u00e9glementaire pour les industries biopharmaceutiques, des sciences de la vie et cosm\u00e9tiques.","breadcrumb":{"@id":"https:\/\/actini.ca\/fr\/expertise\/#breadcrumb"},"inLanguage":"fr-CA","potentialAction":[{"@type":"ReadAction","target":["https:\/\/actini.ca\/fr\/expertise\/"]}]},{"@type":"BreadcrumbList","@id":"https:\/\/actini.ca\/fr\/expertise\/#breadcrumb","itemListElement":[{"@type":"ListItem","position":1,"name":"Home","item":"https:\/\/actini.ca\/fr\/"},{"@type":"ListItem","position":2,"name":"Expertise"}]},{"@type":"WebSite","@id":"https:\/\/actini.ca\/fr\/#website","url":"https:\/\/actini.ca\/fr\/","name":"Actini inc.","description":"Innovative Process Solutions","publisher":{"@id":"https:\/\/actini.ca\/fr\/#organization"},"alternateName":"Actini inc.","potentialAction":[{"@type":"SearchAction","target":{"@type":"EntryPoint","urlTemplate":"https:\/\/actini.ca\/fr\/?s={search_term_string}"},"query-input":{"@type":"PropertyValueSpecification","valueRequired":true,"valueName":"search_term_string"}}],"inLanguage":"fr-CA"},{"@type":"Organization","@id":"https:\/\/actini.ca\/fr\/#organization","name":"Actini Inc.","url":"https:\/\/actini.ca\/fr\/","logo":{"@type":"ImageObject","inLanguage":"fr-CA","@id":"https:\/\/actini.ca\/fr\/#\/schema\/logo\/image\/","url":"https:\/\/actini.ca\/wp-content\/uploads\/2026\/03\/logo-carre.jpg","contentUrl":"https:\/\/actini.ca\/wp-content\/uploads\/2026\/03\/logo-carre.jpg","width":475,"height":475,"caption":"Actini Inc."},"image":{"@id":"https:\/\/actini.ca\/fr\/#\/schema\/logo\/image\/"}}]}},"_links":{"self":[{"href":"https:\/\/actini.ca\/fr\/wp-json\/wp\/v2\/pages\/164","targetHints":{"allow":["GET"]}}],"collection":[{"href":"https:\/\/actini.ca\/fr\/wp-json\/wp\/v2\/pages"}],"about":[{"href":"https:\/\/actini.ca\/fr\/wp-json\/wp\/v2\/types\/page"}],"author":[{"embeddable":true,"href":"https:\/\/actini.ca\/fr\/wp-json\/wp\/v2\/users\/4"}],"replies":[{"embeddable":true,"href":"https:\/\/actini.ca\/fr\/wp-json\/wp\/v2\/comments?post=164"}],"version-history":[{"count":32,"href":"https:\/\/actini.ca\/fr\/wp-json\/wp\/v2\/pages\/164\/revisions"}],"predecessor-version":[{"id":890,"href":"https:\/\/actini.ca\/fr\/wp-json\/wp\/v2\/pages\/164\/revisions\/890"}],"wp:attachment":[{"href":"https:\/\/actini.ca\/fr\/wp-json\/wp\/v2\/media?parent=164"}],"curies":[{"name":"wp","href":"https:\/\/api.w.org\/{rel}","templated":true}]}}